{"id":22,"date":"2026-01-29T08:48:29","date_gmt":"2026-01-29T08:48:29","guid":{"rendered":"https:\/\/nicolassanhes.fr\/?page_id=22"},"modified":"2026-03-26T14:52:11","modified_gmt":"2026-03-26T14:52:11","slug":"biiographie-nicolas-sanhes","status":"publish","type":"page","link":"https:\/\/www.nicolassanhes.fr\/?page_id=22","title":{"rendered":"Biographie"},"content":{"rendered":"\t\t<div data-elementor-type=\"wp-page\" data-elementor-id=\"22\" class=\"elementor elementor-22\" data-elementor-post-type=\"page\">\n\t\t\t\t<div class=\"elementor-element elementor-element-dd20954 e-con-full e-flex e-con e-parent\" data-id=\"dd20954\" data-element_type=\"container\" data-e-type=\"container\">\n\t\t<div class=\"elementor-element elementor-element-75bcb17 e-flex e-con-boxed e-con e-child\" data-id=\"75bcb17\" data-element_type=\"container\" data-e-type=\"container\">\n\t\t\t\t\t<div class=\"e-con-inner\">\n\t\t\t\t<div class=\"elementor-element elementor-element-96aaa2a elementor-widget elementor-widget-spacer\" data-id=\"96aaa2a\" data-element_type=\"widget\" data-e-type=\"widget\" data-widget_type=\"spacer.default\">\n\t\t\t\t\t\t\t<div class=\"elementor-spacer\">\n\t\t\t<div class=\"elementor-spacer-inner\"><\/div>\n\t\t<\/div>\n\t\t\t\t\t\t<\/div>\n\t\t\t\t<div class=\"elementor-element elementor-element-ec1508c elementor-hidden-tablet elementor-hidden-mobile elementor-widget elementor-widget-heading\" data-id=\"ec1508c\" data-element_type=\"widget\" data-e-type=\"widget\" data-widget_type=\"heading.default\">\n\t\t\t\t\t<h2 class=\"elementor-heading-title elementor-size-default\">biographie<\/h2>\t\t\t\t<\/div>\n\t\t\t\t<div class=\"elementor-element elementor-element-b6d84bb elementor-hidden-desktop elementor-widget elementor-widget-heading\" data-id=\"b6d84bb\" data-element_type=\"widget\" data-e-type=\"widget\" data-widget_type=\"heading.default\">\n\t\t\t\t\t<h2 class=\"elementor-heading-title elementor-size-default\">biographie<\/h2>\t\t\t\t<\/div>\n\t\t\t\t<div class=\"elementor-element elementor-element-61e2a57 elementor-widget elementor-widget-spacer\" data-id=\"61e2a57\" data-element_type=\"widget\" data-e-type=\"widget\" data-widget_type=\"spacer.default\">\n\t\t\t\t\t\t\t<div class=\"elementor-spacer\">\n\t\t\t<div class=\"elementor-spacer-inner\"><\/div>\n\t\t<\/div>\n\t\t\t\t\t\t<\/div>\n\t\t<div class=\"elementor-element elementor-element-d828228 e-flex e-con-boxed e-con e-child\" data-id=\"d828228\" data-element_type=\"container\" data-e-type=\"container\">\n\t\t\t\t\t<div class=\"e-con-inner\">\n\t\t<div class=\"elementor-element elementor-element-893cab0 e-grid e-con-full e-con e-child\" data-id=\"893cab0\" data-element_type=\"container\" data-e-type=\"container\">\n\t\t\t\t<div class=\"elementor-element elementor-element-aa08293 elementor-widget elementor-widget-image\" data-id=\"aa08293\" data-element_type=\"widget\" data-e-type=\"widget\" data-widget_type=\"image.default\">\n\t\t\t\t\t\t\t\t\t\t\t\t\t\t\t<img fetchpriority=\"high\" decoding=\"async\" width=\"679\" height=\"1024\" src=\"https:\/\/www.nicolassanhes.fr\/wp-content\/uploads\/2026\/02\/Portrait-bio-679x1024.jpg\" class=\"attachment-large size-large wp-image-256\" alt=\"Nicolas Sanhes\" srcset=\"https:\/\/www.nicolassanhes.fr\/wp-content\/uploads\/2026\/02\/Portrait-bio-679x1024.jpg 679w, https:\/\/www.nicolassanhes.fr\/wp-content\/uploads\/2026\/02\/Portrait-bio-199x300.jpg 199w, https:\/\/www.nicolassanhes.fr\/wp-content\/uploads\/2026\/02\/Portrait-bio-768x1158.jpg 768w, https:\/\/www.nicolassanhes.fr\/wp-content\/uploads\/2026\/02\/Portrait-bio.jpg 796w\" sizes=\"(max-width: 679px) 100vw, 679px\" \/>\t\t\t\t\t\t\t\t\t\t\t\t\t\t\t<\/div>\n\t\t<div class=\"elementor-element elementor-element-c71ec82 e-con-full e-flex e-con e-child\" data-id=\"c71ec82\" data-element_type=\"container\" data-e-type=\"container\">\n\t\t\t\t<div class=\"elementor-element elementor-element-5b2834d elementor-widget elementor-widget-heading\" data-id=\"5b2834d\" data-element_type=\"widget\" data-e-type=\"widget\" data-widget_type=\"heading.default\">\n\t\t\t\t\t<h2 class=\"elementor-heading-title elementor-size-default\">Origines et formation<\/h2>\t\t\t\t<\/div>\n\t\t\t\t<div class=\"elementor-element elementor-element-189345b elementor-widget elementor-widget-text-editor\" data-id=\"189345b\" data-element_type=\"widget\" data-e-type=\"widget\" data-widget_type=\"text-editor.default\">\n\t\t\t\t\t\t\t\t\t<p>N\u00e9 le <b>10 septembre 1965 \u00e0 Rodez <\/b>(Aveyron), Nicolas Sanhes grandit dans une ferme familiale. En <b>1984<\/b>, il int\u00e8gre l\u2019\u00c9cole des Beaux-Arts de Perpignan, o\u00f9 il d\u00e9couvre l\u2019art moderne, notamment les \u0153uvres d\u2019<b>Ellsworth Kelly<\/b> et <b>Ad Reinhardt<\/b>, qui l\u2019inspirent \u00e0 repousser les limites de l\u2019art.<\/p>\t\t\t\t\t\t\t\t<\/div>\n\t\t\t\t<div class=\"elementor-element elementor-element-b58fbb6 elementor-widget elementor-widget-heading\" data-id=\"b58fbb6\" data-element_type=\"widget\" data-e-type=\"widget\" data-widget_type=\"heading.default\">\n\t\t\t\t\t<h2 class=\"elementor-heading-title elementor-size-default\">D\u00e9buts artistiques (1987-1995)<\/h2>\t\t\t\t<\/div>\n\t\t\t\t<div class=\"elementor-element elementor-element-5ac0098 elementor-widget elementor-widget-text-editor\" data-id=\"5ac0098\" data-element_type=\"widget\" data-e-type=\"widget\" data-widget_type=\"text-editor.default\">\n\t\t\t\t\t\t\t\t\t<p>Entre <b>1987 <\/b>et <b>1989<\/b>, il utilise le <b>goudron noir<\/b> pour cr\u00e9er des \u0153uvres abstraites, explorant la n\u00e9gation de la forme et l\u2019\u00e9mergence de nouvelles structures. Il se tourne ensuite vers la <b>sculpture<\/b>, en \u00e9tudiant l\u2019\u00e9quilibre entre forme, espace et mati\u00e8re. De retour \u00e0 Rodez, il d\u00e9veloppe des <b>sculptures-outils<\/b> bas\u00e9es sur la r\u00e9p\u00e9tition et la modularit\u00e9, avec des lignes courbes et des volumes simples. Sa premi\u00e8re grande exposition personnelle au <b>Mus\u00e9e des Beaux-Arts Denys Puech de Rodez<\/b> marque l\u2019aboutissement de cette p\u00e9riode.<\/p>\t\t\t\t\t\t\t\t<\/div>\n\t\t\t\t<div class=\"elementor-element elementor-element-5ed12c7 elementor-widget elementor-widget-heading\" data-id=\"5ed12c7\" data-element_type=\"widget\" data-e-type=\"widget\" data-widget_type=\"heading.default\">\n\t\t\t\t\t<h2 class=\"elementor-heading-title elementor-size-default\">Transition et exploration (1995-2004)<\/h2>\t\t\t\t<\/div>\n\t\t\t\t<div class=\"elementor-element elementor-element-dc70726 elementor-widget elementor-widget-text-editor\" data-id=\"dc70726\" data-element_type=\"widget\" data-e-type=\"widget\" data-widget_type=\"text-editor.default\">\n\t\t\t\t\t\t\t\t\t<p>En <b>1995<\/b>, il s\u2019installe \u00e0 Lyon et collabore avec la <b>Galerie Georges Verney-Carron<\/b> et l\u2019architecte <b>Jean-Michel Wilmotte <\/b>pour un projet urbain \u00e0 Rodez. En <b>1997<\/b>, il s\u2019\u00e9tablit en \u00cele-de-France. Entre <b>1997<\/b> et <b>2000<\/b>, il cr\u00e9e la s\u00e9rie \u00ab \u00c9vidences singuli\u00e8res \u00bb, compos\u00e9e de structures en bois, n\u00e9e pendant sa convalescence apr\u00e8s un cancer. Cette s\u00e9rie interroge la mat\u00e9rialit\u00e9 et les limites de la sculpture.<\/p><p>En <b>2001<\/b>&#8211;<b>2004<\/b>, il conclut cette s\u00e9rie avec \u00ab <b>Fonte n\u00b01 <\/b>\u00bb, une \u0153uvre en acier de 10 tonnes, et entame la s\u00e9rie \u00ab <b>Maillages<\/b> \u00bb, des sculptures filaires en acier inspir\u00e9es de ses \u0153uvres en bois. Il r\u00e9duit son expression \u00e0 un jeu de lignes, \u00e9voquant un <b>ouroboros<\/b>, symbole r\u00e9current dans son travail.<\/p>\t\t\t\t\t\t\t\t<\/div>\n\t\t\t\t<div class=\"elementor-element elementor-element-c77ad6f elementor-widget elementor-widget-heading\" data-id=\"c77ad6f\" data-element_type=\"widget\" data-e-type=\"widget\" data-widget_type=\"heading.default\">\n\t\t\t\t\t<h2 class=\"elementor-heading-title elementor-size-default\">Maturit\u00e9 artistique (2004-2025)<\/h2>\t\t\t\t<\/div>\n\t\t\t\t<div class=\"elementor-element elementor-element-035777b elementor-widget elementor-widget-text-editor\" data-id=\"035777b\" data-element_type=\"widget\" data-e-type=\"widget\" data-widget_type=\"text-editor.default\">\n\t\t\t\t\t\t\t\t\t<p>De <b>2004<\/b> \u00e0 <b>2014<\/b>, il r\u00e9alise des \u0153uvres monumentales et des <b>commandes publiques <\/b>(Trappes, Mont\u00e9limar, Valenciennes, Val de Rueil, Rodez ) . Il d\u00e9veloppe la \u00ab <b>G\u00e9om\u00e9trie incidente<\/b> \u00bb, une approche g\u00e9om\u00e9trique dynamique o\u00f9 la ligne devient une entit\u00e9 \u00e0 part enti\u00e8re, en collaboration avec le critique <b>Jean-Louis Poitevin<\/b>.<\/p><p>De <b>2014<\/b> \u00e0 <b>2025<\/b>, il approfondit cette th\u00e9orie et explore la peinture, jouant sur la notion de vide et de perception spatiale. En 2023, il est nomm\u00e9 Chevalier de l\u2019Ordre des Arts et des Lettres. En 2024, il pr\u00e9sente sa premi\u00e8re grande exposition de peinture, \u00ab <em>Artificielle apesanteur<\/em> \u00bb, au ch\u00e2teau de Taurines. En 2025, le Mus\u00e9e de Gu\u00e9thary lui consacre l\u2019exposition \u00ab <b>Une somme suffisante de bleut\u00e9s, pour faire sentir l\u2019air \u00bb.<\/b><\/p>\t\t\t\t\t\t\t\t<\/div>\n\t\t\t\t<div class=\"elementor-element elementor-element-14e3111 elementor-widget elementor-widget-heading\" data-id=\"14e3111\" data-element_type=\"widget\" data-e-type=\"widget\" data-widget_type=\"heading.default\">\n\t\t\t\t\t<h2 class=\"elementor-heading-title elementor-size-default\">Actualit\u00e9 (2026)<\/h2>\t\t\t\t<\/div>\n\t\t\t\t<div class=\"elementor-element elementor-element-9b3ef41 elementor-widget elementor-widget-text-editor\" data-id=\"9b3ef41\" data-element_type=\"widget\" data-e-type=\"widget\" data-widget_type=\"text-editor.default\">\n\t\t\t\t\t\t\t\t\t<p>Exposition de sculptures monumentales dans la ville de Foug\u00e8res du 5 juin au 28 septembre 2026.<\/p>\t\t\t\t\t\t\t\t<\/div>\n\t\t\t\t<\/div>\n\t\t\t\t<\/div>\n\t\t\t\t<div class=\"elementor-element elementor-element-dfc6d1a elementor-widget elementor-widget-spacer\" data-id=\"dfc6d1a\" data-element_type=\"widget\" data-e-type=\"widget\" data-widget_type=\"spacer.default\">\n\t\t\t\t\t\t\t<div class=\"elementor-spacer\">\n\t\t\t<div class=\"elementor-spacer-inner\"><\/div>\n\t\t<\/div>\n\t\t\t\t\t\t<\/div>\n\t\t\t\t<div class=\"elementor-element elementor-element-3100b58 elementor-widget elementor-widget-text-editor\" data-id=\"3100b58\" data-element_type=\"widget\" data-e-type=\"widget\" data-widget_type=\"text-editor.default\">\n\t\t\t\t\t\t\t\t\t<p><b>Nicolas Sanhes<\/b> est un artiste dont l\u2019\u0153uvre, marqu\u00e9e par la <b>sculpture<\/b>, la <b>g\u00e9om\u00e9trie<\/b> et la <b>peinture,<\/b> interroge la mati\u00e8re, l\u2019espace et la perception. Son parcours, entre abstraction et rigueur formelle, en fait une figure majeure de l\u2019art contemporain.<\/p>\t\t\t\t\t\t\t\t<\/div>\n\t\t\t\t<div class=\"elementor-element elementor-element-d1b1d61 elementor-widget elementor-widget-spacer\" data-id=\"d1b1d61\" data-element_type=\"widget\" data-e-type=\"widget\" data-widget_type=\"spacer.default\">\n\t\t\t\t\t\t\t<div class=\"elementor-spacer\">\n\t\t\t<div class=\"elementor-spacer-inner\"><\/div>\n\t\t<\/div>\n\t\t\t\t\t\t<\/div>\n\t\t\t\t<div class=\"elementor-element elementor-element-aa45074 elementor-widget elementor-widget-image\" data-id=\"aa45074\" data-element_type=\"widget\" data-e-type=\"widget\" data-widget_type=\"image.default\">\n\t\t\t\t\t\t\t\t\t\t\t\t\t\t\t<img decoding=\"async\" width=\"1500\" height=\"865\" src=\"https:\/\/www.nicolassanhes.fr\/wp-content\/uploads\/2026\/02\/retro-dates.jpg\" class=\"attachment-full size-full wp-image-257\" alt=\"dates\" srcset=\"https:\/\/www.nicolassanhes.fr\/wp-content\/uploads\/2026\/02\/retro-dates.jpg 1500w, https:\/\/www.nicolassanhes.fr\/wp-content\/uploads\/2026\/02\/retro-dates-300x173.jpg 300w, https:\/\/www.nicolassanhes.fr\/wp-content\/uploads\/2026\/02\/retro-dates-1024x591.jpg 1024w, https:\/\/www.nicolassanhes.fr\/wp-content\/uploads\/2026\/02\/retro-dates-768x443.jpg 768w\" sizes=\"(max-width: 1500px) 100vw, 1500px\" \/>\t\t\t\t\t\t\t\t\t\t\t\t\t\t\t<\/div>\n\t\t\t\t\t<\/div>\n\t\t\t\t<\/div>\n\t\t\t\t\t<\/div>\n\t\t\t\t<\/div>\n\t\t\t\t<\/div>\n\t\t\t\t<\/div>\n\t\t","protected":false},"excerpt":{"rendered":"<p>biographie biographie Origines et formation N\u00e9 le 10 septembre 1965 \u00e0 Rodez (Aveyron), Nicolas Sanhes grandit dans une ferme familiale. En 1984, il int\u00e8gre l\u2019\u00c9cole des Beaux-Arts de Perpignan, o\u00f9 il d\u00e9couvre l\u2019art moderne, notamment les \u0153uvres d\u2019Ellsworth Kelly et Ad Reinhardt, qui l\u2019inspirent \u00e0 repousser les limites de l\u2019art. D\u00e9buts artistiques (1987-1995) Entre 1987 [&hellip;]<\/p>\n","protected":false},"author":2,"featured_media":0,"parent":0,"menu_order":0,"comment_status":"closed","ping_status":"closed","template":"","meta":{"footnotes":""},"class_list":["post-22","page","type-page","status-publish","hentry"],"_links":{"self":[{"href":"https:\/\/www.nicolassanhes.fr\/index.php?rest_route=\/wp\/v2\/pages\/22","targetHints":{"allow":["GET"]}}],"collection":[{"href":"https:\/\/www.nicolassanhes.fr\/index.php?rest_route=\/wp\/v2\/pages"}],"about":[{"href":"https:\/\/www.nicolassanhes.fr\/index.php?rest_route=\/wp\/v2\/types\/page"}],"author":[{"embeddable":true,"href":"https:\/\/www.nicolassanhes.fr\/index.php?rest_route=\/wp\/v2\/users\/2"}],"replies":[{"embeddable":true,"href":"https:\/\/www.nicolassanhes.fr\/index.php?rest_route=%2Fwp%2Fv2%2Fcomments&post=22"}],"version-history":[{"count":32,"href":"https:\/\/www.nicolassanhes.fr\/index.php?rest_route=\/wp\/v2\/pages\/22\/revisions"}],"predecessor-version":[{"id":652,"href":"https:\/\/www.nicolassanhes.fr\/index.php?rest_route=\/wp\/v2\/pages\/22\/revisions\/652"}],"wp:attachment":[{"href":"https:\/\/www.nicolassanhes.fr\/index.php?rest_route=%2Fwp%2Fv2%2Fmedia&parent=22"}],"curies":[{"name":"wp","href":"https:\/\/api.w.org\/{rel}","templated":true}]}}