{"id":26,"date":"2026-01-29T08:52:27","date_gmt":"2026-01-29T08:52:27","guid":{"rendered":"https:\/\/nicolassanhes.fr\/?page_id=26"},"modified":"2026-03-26T14:45:15","modified_gmt":"2026-03-26T14:45:15","slug":"atelier","status":"publish","type":"page","link":"https:\/\/www.nicolassanhes.fr\/?page_id=26","title":{"rendered":"Atelier"},"content":{"rendered":"\t\t<div data-elementor-type=\"wp-page\" data-elementor-id=\"26\" class=\"elementor elementor-26\" data-elementor-post-type=\"page\">\n\t\t\t\t<div class=\"elementor-element elementor-element-93c0259 e-con-full e-flex e-con e-parent\" data-id=\"93c0259\" data-element_type=\"container\" data-e-type=\"container\">\n\t\t<div class=\"elementor-element elementor-element-2035645 e-flex e-con-boxed e-con e-child\" data-id=\"2035645\" data-element_type=\"container\" data-e-type=\"container\">\n\t\t\t\t\t<div class=\"e-con-inner\">\n\t\t\t\t<div class=\"elementor-element elementor-element-fc8a621 elementor-widget elementor-widget-spacer\" data-id=\"fc8a621\" data-element_type=\"widget\" data-e-type=\"widget\" data-widget_type=\"spacer.default\">\n\t\t\t\t\t\t\t<div class=\"elementor-spacer\">\n\t\t\t<div class=\"elementor-spacer-inner\"><\/div>\n\t\t<\/div>\n\t\t\t\t\t\t<\/div>\n\t\t\t\t<div class=\"elementor-element elementor-element-630f494 elementor-hidden-tablet elementor-hidden-mobile elementor-widget elementor-widget-heading\" data-id=\"630f494\" data-element_type=\"widget\" data-e-type=\"widget\" data-widget_type=\"heading.default\">\n\t\t\t\t\t<h2 class=\"elementor-heading-title elementor-size-default\">le SNBG Atelier<\/h2>\t\t\t\t<\/div>\n\t\t\t\t<div class=\"elementor-element elementor-element-d0396f6 elementor-hidden-desktop elementor-widget elementor-widget-heading\" data-id=\"d0396f6\" data-element_type=\"widget\" data-e-type=\"widget\" data-widget_type=\"heading.default\">\n\t\t\t\t\t<h2 class=\"elementor-heading-title elementor-size-default\">le SNBG Atelier<\/h2>\t\t\t\t<\/div>\n\t\t<div class=\"elementor-element elementor-element-87170c4 e-con-full e-flex e-con e-child\" data-id=\"87170c4\" data-element_type=\"container\" data-e-type=\"container\" data-settings=\"{&quot;background_background&quot;:&quot;video&quot;}\">\n\t\t\t\t<div class=\"elementor-element elementor-element-08ed72e elementor-widget elementor-widget-spacer\" data-id=\"08ed72e\" data-element_type=\"widget\" data-e-type=\"widget\" data-widget_type=\"spacer.default\">\n\t\t\t\t\t\t\t<div class=\"elementor-spacer\">\n\t\t\t<div class=\"elementor-spacer-inner\"><\/div>\n\t\t<\/div>\n\t\t\t\t\t\t<\/div>\n\t\t\t\t<\/div>\n\t\t\t\t<div class=\"elementor-element elementor-element-801276b elementor-widget elementor-widget-spacer\" data-id=\"801276b\" data-element_type=\"widget\" data-e-type=\"widget\" data-widget_type=\"spacer.default\">\n\t\t\t\t\t\t\t<div class=\"elementor-spacer\">\n\t\t\t<div class=\"elementor-spacer-inner\"><\/div>\n\t\t<\/div>\n\t\t\t\t\t\t<\/div>\n\t\t\t\t<div class=\"elementor-element elementor-element-cd73f34 elementor-widget elementor-widget-text-editor\" data-id=\"cd73f34\" data-element_type=\"widget\" data-e-type=\"widget\" data-widget_type=\"text-editor.default\">\n\t\t\t\t\t\t\t\t\t<p>\u00c0 seulement 20 minutes de la porte d\u2019Auteuil, en direction de Rambouillet, je vous ouvre les portes de mes deux ateliers, nich\u00e9s au sud-ouest de Paris. Le premier, un espace de 350 m2, est enti\u00e8rement d\u00e9di\u00e9 \u00e0 la cr\u00e9ation d\u2019oeuvres sculpturales. Le second, de 120 m2, est r\u00e9serv\u00e9 \u00e0 la peinture et au dessin. Son architecture industrielle, aux volumes \u00e9pur\u00e9s, privil\u00e9gie l\u2019espace et le dialogue avec le parc de 2 000 m2, o\u00f9 les oeuvres sont mises en sc\u00e8ne dans un espace naturel imagin\u00e9, con\u00e7u et r\u00e9alis\u00e9 par mes soins. Ce lieu unique permet aux visiteurs de plonger dans l\u2019univers de mon travail et d\u2019en appr\u00e9cier toutes ses facettes.<\/p><p>Je vous invite \u00e0 d\u00e9couvrir, lors de visites d\u2019atelier, les coulisses de ma cr\u00e9ation. \u00c0 travers ces rencontres, je partage avec vous les cl\u00e9s de mon\u00a0cheminement intellectuel et artistique.<\/p><p>Le parc de sculptures est \u00e9galement disponible pour des r\u00e9ceptions priv\u00e9es, exclusivement r\u00e9serv\u00e9es aux entreprises souhaitant organiser\u00a0des \u00e9v\u00e9nements inoubliables pour leurs collaborateurs ou leurs clients.<\/p>\t\t\t\t\t\t\t\t<\/div>\n\t\t\t\t<div class=\"elementor-element elementor-element-8325946 elementor-widget elementor-widget-spacer\" data-id=\"8325946\" data-element_type=\"widget\" data-e-type=\"widget\" data-widget_type=\"spacer.default\">\n\t\t\t\t\t\t\t<div class=\"elementor-spacer\">\n\t\t\t<div class=\"elementor-spacer-inner\"><\/div>\n\t\t<\/div>\n\t\t\t\t\t\t<\/div>\n\t\t\t\t<div class=\"elementor-element elementor-element-9f20f9f elementor-widget-divider--view-line elementor-widget elementor-widget-divider\" data-id=\"9f20f9f\" data-element_type=\"widget\" data-e-type=\"widget\" data-widget_type=\"divider.default\">\n\t\t\t\t\t\t\t<div class=\"elementor-divider\">\n\t\t\t<span class=\"elementor-divider-separator\">\n\t\t\t\t\t\t<\/span>\n\t\t<\/div>\n\t\t\t\t\t\t<\/div>\n\t\t\t\t<div class=\"elementor-element elementor-element-783430a elementor-widget elementor-widget-text-editor\" data-id=\"783430a\" data-element_type=\"widget\" data-e-type=\"widget\" data-widget_type=\"text-editor.default\">\n\t\t\t\t\t\t\t\t\t<p><a href=\"https:\/\/nicolassanhes.fr\/?page_id=289\">ATELIER SCULPTURE<\/a> \u00a0<strong> |<\/strong>\u00a0 <a href=\"https:\/\/nicolassanhes.fr\/?page_id=320\">NUMERISATION<\/a> \u00a0<strong>| \u00a0<\/strong><a href=\"https:\/\/nicolassanhes.fr\/?page_id=391\">TRANSPORT &amp; LOGISTIQUE<\/a> \u00a0<strong>| \u00a0<\/strong><a href=\"https:\/\/nicolassanhes.fr\/?page_id=343\">ATELIER PEINTURE<\/a> <strong>| <\/strong><a href=\"https:\/\/www.nicolassanhes.fr\/?page_id=534\">ATELIER DESSIN<\/a><strong> |\u00a0<\/strong><a href=\"https:\/\/nicolassanhes.fr\/?page_id=367\">ATELIER DE RECEPTION<\/a><\/p>\t\t\t\t\t\t\t\t<\/div>\n\t\t\t\t\t<\/div>\n\t\t\t\t<\/div>\n\t\t\t\t<\/div>\n\t\t\t\t<\/div>\n\t\t","protected":false},"excerpt":{"rendered":"<p>\u00c0 seulement 20 minutes de la porte d\u2019Auteuil, en direction de Rambouillet, je vous ouvre les portes de mes deux ateliers, nich\u00e9s au sud-ouest de Paris. Le premier, un espace de 350 m\u00b2, est enti\u00e8rement d\u00e9di\u00e9 \u00e0 la cr\u00e9ation d\u2019oeuvres sculpturales.<\/p>\n","protected":false},"author":2,"featured_media":266,"parent":0,"menu_order":0,"comment_status":"closed","ping_status":"closed","template":"","meta":{"footnotes":""},"class_list":["post-26","page","type-page","status-publish","has-post-thumbnail","hentry"],"_links":{"self":[{"href":"https:\/\/www.nicolassanhes.fr\/index.php?rest_route=\/wp\/v2\/pages\/26","targetHints":{"allow":["GET"]}}],"collection":[{"href":"https:\/\/www.nicolassanhes.fr\/index.php?rest_route=\/wp\/v2\/pages"}],"about":[{"href":"https:\/\/www.nicolassanhes.fr\/index.php?rest_route=\/wp\/v2\/types\/page"}],"author":[{"embeddable":true,"href":"https:\/\/www.nicolassanhes.fr\/index.php?rest_route=\/wp\/v2\/users\/2"}],"replies":[{"embeddable":true,"href":"https:\/\/www.nicolassanhes.fr\/index.php?rest_route=%2Fwp%2Fv2%2Fcomments&post=26"}],"version-history":[{"count":53,"href":"https:\/\/www.nicolassanhes.fr\/index.php?rest_route=\/wp\/v2\/pages\/26\/revisions"}],"predecessor-version":[{"id":627,"href":"https:\/\/www.nicolassanhes.fr\/index.php?rest_route=\/wp\/v2\/pages\/26\/revisions\/627"}],"wp:featuredmedia":[{"embeddable":true,"href":"https:\/\/www.nicolassanhes.fr\/index.php?rest_route=\/wp\/v2\/media\/266"}],"wp:attachment":[{"href":"https:\/\/www.nicolassanhes.fr\/index.php?rest_route=%2Fwp%2Fv2%2Fmedia&parent=26"}],"curies":[{"name":"wp","href":"https:\/\/api.w.org\/{rel}","templated":true}]}}