{"id":3,"date":"2025-12-17T17:36:36","date_gmt":"2025-12-17T17:36:36","guid":{"rendered":"http:\/\/nicolassanhes.fr\/?page_id=3"},"modified":"2026-01-29T15:41:41","modified_gmt":"2026-01-29T15:41:41","slug":"mentions-legales","status":"publish","type":"page","link":"https:\/\/www.nicolassanhes.fr\/?page_id=3","title":{"rendered":"mentions l\u00e9gales"},"content":{"rendered":"\t\t<div data-elementor-type=\"wp-page\" data-elementor-id=\"3\" class=\"elementor elementor-3\" data-elementor-post-type=\"page\">\n\t\t\t\t<div class=\"elementor-element elementor-element-34c1ce1c e-flex e-con-boxed e-con e-parent\" data-id=\"34c1ce1c\" data-element_type=\"container\" data-e-type=\"container\">\n\t\t\t\t\t<div class=\"e-con-inner\">\n\t\t\t\t<div class=\"elementor-element elementor-element-96acd25 elementor-widget elementor-widget-spacer\" data-id=\"96acd25\" data-element_type=\"widget\" data-e-type=\"widget\" data-widget_type=\"spacer.default\">\n\t\t\t\t\t\t\t<div class=\"elementor-spacer\">\n\t\t\t<div class=\"elementor-spacer-inner\"><\/div>\n\t\t<\/div>\n\t\t\t\t\t\t<\/div>\n\t\t\t\t<div class=\"elementor-element elementor-element-c6377d1 elementor-widget elementor-widget-heading\" data-id=\"c6377d1\" data-element_type=\"widget\" data-e-type=\"widget\" data-widget_type=\"heading.default\">\n\t\t\t\t\t<h1 class=\"elementor-heading-title elementor-size-default\">MENTions l\u00e9gales<\/h1>\t\t\t\t<\/div>\n\t\t\t\t<div class=\"elementor-element elementor-element-5773e03 elementor-widget elementor-widget-spacer\" data-id=\"5773e03\" data-element_type=\"widget\" data-e-type=\"widget\" data-widget_type=\"spacer.default\">\n\t\t\t\t\t\t\t<div class=\"elementor-spacer\">\n\t\t\t<div class=\"elementor-spacer-inner\"><\/div>\n\t\t<\/div>\n\t\t\t\t\t\t<\/div>\n\t\t\t\t<div class=\"elementor-element elementor-element-7213b1d3 elementor-widget elementor-widget-text-editor\" data-id=\"7213b1d3\" data-element_type=\"widget\" data-e-type=\"widget\" data-widget_type=\"text-editor.default\">\n\t\t\t\t\t\t\t\t\t<p><strong>\u00c9diteur du site<\/strong><br \/>Nicolas Sanhes &#8211; 7 avenue Jean Roustan 78 190 TRAPPES<\/p>\n<p><strong>Responsable \u00e9ditorial<\/strong><br \/>Le directeur de publication est la Nicolas Sanhes domicili\u00e9 en cette adresse susvis\u00e9e.<\/p>\n<p><strong>Propri\u00e9t\u00e9 intellectuelle<\/strong><br \/>Le site www.nicolassanhes.fr ainsi que l\u2019int\u00e9gralit\u00e9 de son contenu sont la propri\u00e9t\u00e9 de Nicolas Sanhes . Toute reproduction, m\u00eame partielle, du site ou des ses \u00e9l\u00e9ments est interdite sans le consentement \u00e9crit et pr\u00e9alable deNicolas Sanhes.<br \/>Tous les textes, photos, vid\u00e9os, donn\u00e9es, affiches, logos, marques et autres \u00e9l\u00e9ments reproduits sur le site Internet www.nicolassanhes.fr sont r\u00e9serv\u00e9s et prot\u00e9g\u00e9s par le droit de la propri\u00e9t\u00e9 intellectuelle, notamment droits d\u2019auteur, droits voisins, droit des marques et par la l\u00e9gislation sur la protection des bases de donn\u00e9es.<br \/>Toute reproduction ou utilisation de ces textes, photos, vid\u00e9os, donn\u00e9es, affiches, logos, marques et autres \u00e9l\u00e9ments reproduits sur le site Internet www.anicolassanhes.fr, de quelque mani\u00e8re et \u00e0 quelque titre que ce soit, est interdite.<\/p>\n<p><strong>Cr\u00e9dits Photographiques<\/strong><br \/>Les photos publi\u00e9es sur le site Internet wwww.anicolassanhes.frt sont la propri\u00e9t\u00e9 de Nicolas Sanhes et\/ou de ses auteurs et\/ou de ses partenaires. Elles ne sont pas libres de droits. Toute utilisation de ces visuels photographiques est strictement interdite sans une autorisation pr\u00e9alable aupr\u00e8s de Nicolas Sanhes. Les conditions g\u00e9n\u00e9rales d\u2019utilisation sont express\u00e9ment soumises aux dispositions du Code de la Propri\u00e9t\u00e9 Intellectuelle.<\/p>\n<p><strong>Politique de confidentialit\u00e9<\/strong><br \/><em>Pr\u00e9ambule<\/em><br \/>En accord avec les nouvelles exigences du R\u00e8glement g\u00e9n\u00e9ral sur la protection des donn\u00e9es (RGPD) de l\u2019Union Europ\u00e9enne, les mesures suivantes sont d\u00e9sormais en place :<br \/>\u2022 Diffusion de cette Politique de confidentialit\u00e9, expliquant comment nous collectons, utilisons et prot\u00e9geons les informations personnelles dans le cadre de nos services.<br \/>\u2022 Automatisation de l\u2019anonymisation des donn\u00e9es personnelles lors de la suppression d\u2019un compte ;<br \/>\u2022 Limitation de la dur\u00e9e de conservation des donn\u00e9es personnelles.<br \/>Ces mesures sont entr\u00e9es en vigueur le 25 mai 2018.<\/p>\n<p><em>Collecte et utilisation des donn\u00e9es personnelles<\/em><br \/>Afin de pouvoir utiliser facilement nos diff\u00e9rents services :<br \/>\u2022 formulaire contact<br \/>nous collections les informations pr\u00e9sent\u00e9es ci-dessous :<br \/>Profil<br \/>Les informations que vous nous fournissez pour cr\u00e9er votre profil d\u2019utilisateur (votre nom, votre pr\u00e9nom, votre num\u00e9ro de t\u00e9l\u00e9phone, votre email, votre adresse de facturation, le nom de votre entreprise).<br \/>Les contenus produits par l\u2019utilisateur<br \/>\u2022 r\u00e9servations ;<br \/>\u2022 commandes, factures, devis et avoirs, dans le cas o\u00f9 des services payants sont propos\u00e9s ;<br \/>\u2022 Formulaire contact<\/p>\n<p><em>Partage des donn\u00e9es personnelles<\/em><br \/>Nous ne transf\u00e9rons pas d\u2019informations personnelles \u00e0 des tiers.<br \/>Acc\u00e8s et modification de vos donn\u00e9es personnelles<br \/>Si vous \u00eates enregistr\u00e9 en tant qu\u2019utilisateur de nos services, vous pouvez sur demande, modifier ou supprimer les informations personnelles collect\u00e9es ou que vous nous avez fournies et qui sont associ\u00e9es \u00e0 votre compte.<br \/>\u2022 nom<br \/>\u2022 pr\u00e9nom<br \/>\u2022 adresse email<br \/>\u2022 n\u00b0 de t\u00e9l\u00e9phone<br \/>\u2022 adresse de facturation<br \/>\u2022 entreprise<\/p>\n<p><em>Dur\u00e9e de conservation de votre Contenu d\u2019utilisateur<\/em><br \/>Apr\u00e8s la suppression de votre compte :<br \/>\u2022 nous anonymiserons les donn\u00e9es personnelles ;<br \/>\u2022 le Service pourra conserver certaines donn\u00e9es (factures, devis, avoirs) pendant une dur\u00e9e raisonnable commercialement parlant, \u00e0 des fins de sauvegarde, d\u2019archivage ou d\u2019audit. Nous nous r\u00e9f\u00e9rons au d\u00e9lai obligatoire de conservation de 10 ans pour les factures conform\u00e9ment au document de la CNIL intitul\u00e9 \u00ab R\u00e9f\u00e9rentiel dur\u00e9e de conservation \u00bb.<\/p>\n<p><em>Modifications de cette Politique de confidentialit\u00e9<\/em><br \/>Nous nous r\u00e9servons le droit de modifier la pr\u00e9sente Politique de confidentialit\u00e9 \u00e0 tout moment.<br \/>La version la plus actuelle de la pr\u00e9sente politique r\u00e9git notre utilisation de vos informations personnelles et sera toujours disponible dans la page <a href=\"https:\/\/www.aveyronline.net\/index.php\/mentions-legales-2\/\">Politique de confidentialit\u00e9<\/a><\/p>\n<p><strong>Int\u00e9gration et r\u00e9alisation<\/strong><br \/>La Nauze Audiovisuel \u2013 Route de trinqui\u00e8s \u2013 12330 SOUYRI<br \/><a href=\"http:\/\/www.lanauze-audiovisuel.com\/\" target=\"_blank\" rel=\"noopener\">http:\/\/www.lanauze-audiovisuel.com<\/a><\/p>\n<p><strong>H\u00e9bergement<\/strong><br \/>SAS OVH \u2013 2 rue Kellermann \u2013 BP 80157- 59100 Roubaix.<br \/>hhtpp:\/\/www.ovh.com<\/p>\t\t\t\t\t\t\t\t<\/div>\n\t\t\t\t<div class=\"elementor-element elementor-element-1de939c elementor-widget elementor-widget-spacer\" data-id=\"1de939c\" data-element_type=\"widget\" data-e-type=\"widget\" data-widget_type=\"spacer.default\">\n\t\t\t\t\t\t\t<div class=\"elementor-spacer\">\n\t\t\t<div class=\"elementor-spacer-inner\"><\/div>\n\t\t<\/div>\n\t\t\t\t\t\t<\/div>\n\t\t\t\t\t<\/div>\n\t\t\t\t<\/div>\n\t\t\t\t<\/div>\n\t\t","protected":false},"excerpt":{"rendered":"<p>MENTions l\u00e9gales \u00c9diteur du siteNicolas Sanhes &#8211; 7 avenue Jean Roustan 78 190 TRAPPES Responsable \u00e9ditorialLe directeur de publication est la Nicolas Sanhes domicili\u00e9 en cette adresse susvis\u00e9e. Propri\u00e9t\u00e9 intellectuelleLe site www.nicolassanhes.fr ainsi que l\u2019int\u00e9gralit\u00e9 de son contenu sont la propri\u00e9t\u00e9 de Nicolas Sanhes . Toute reproduction, m\u00eame partielle, du site ou des ses \u00e9l\u00e9ments [&hellip;]<\/p>\n","protected":false},"author":1,"featured_media":0,"parent":0,"menu_order":0,"comment_status":"closed","ping_status":"closed","template":"","meta":{"footnotes":""},"class_list":["post-3","page","type-page","status-publish","hentry"],"_links":{"self":[{"href":"https:\/\/www.nicolassanhes.fr\/index.php?rest_route=\/wp\/v2\/pages\/3","targetHints":{"allow":["GET"]}}],"collection":[{"href":"https:\/\/www.nicolassanhes.fr\/index.php?rest_route=\/wp\/v2\/pages"}],"about":[{"href":"https:\/\/www.nicolassanhes.fr\/index.php?rest_route=\/wp\/v2\/types\/page"}],"author":[{"embeddable":true,"href":"https:\/\/www.nicolassanhes.fr\/index.php?rest_route=\/wp\/v2\/users\/1"}],"replies":[{"embeddable":true,"href":"https:\/\/www.nicolassanhes.fr\/index.php?rest_route=%2Fwp%2Fv2%2Fcomments&post=3"}],"version-history":[{"count":11,"href":"https:\/\/www.nicolassanhes.fr\/index.php?rest_route=\/wp\/v2\/pages\/3\/revisions"}],"predecessor-version":[{"id":161,"href":"https:\/\/www.nicolassanhes.fr\/index.php?rest_route=\/wp\/v2\/pages\/3\/revisions\/161"}],"wp:attachment":[{"href":"https:\/\/www.nicolassanhes.fr\/index.php?rest_route=%2Fwp%2Fv2%2Fmedia&parent=3"}],"curies":[{"name":"wp","href":"https:\/\/api.w.org\/{rel}","templated":true}]}}