{"id":391,"date":"2026-02-25T13:38:37","date_gmt":"2026-02-25T13:38:37","guid":{"rendered":"https:\/\/nicolassanhes.fr\/?page_id=391"},"modified":"2026-03-26T16:40:56","modified_gmt":"2026-03-26T16:40:56","slug":"logistique-installation","status":"publish","type":"page","link":"https:\/\/www.nicolassanhes.fr\/?page_id=391","title":{"rendered":"Logistique"},"content":{"rendered":"\t\t<div data-elementor-type=\"wp-page\" data-elementor-id=\"391\" class=\"elementor elementor-391\" data-elementor-post-type=\"page\">\n\t\t\t\t<div class=\"elementor-element elementor-element-93c0259 e-con-full e-flex e-con e-parent\" data-id=\"93c0259\" data-element_type=\"container\" data-e-type=\"container\">\n\t\t<div class=\"elementor-element elementor-element-2035645 e-flex e-con-boxed e-con e-child\" data-id=\"2035645\" data-element_type=\"container\" data-e-type=\"container\">\n\t\t\t\t\t<div class=\"e-con-inner\">\n\t\t\t\t<div class=\"elementor-element elementor-element-fc8a621 elementor-widget elementor-widget-spacer\" data-id=\"fc8a621\" data-element_type=\"widget\" data-e-type=\"widget\" data-widget_type=\"spacer.default\">\n\t\t\t\t\t\t\t<div class=\"elementor-spacer\">\n\t\t\t<div class=\"elementor-spacer-inner\"><\/div>\n\t\t<\/div>\n\t\t\t\t\t\t<\/div>\n\t\t\t\t<div class=\"elementor-element elementor-element-630f494 elementor-hidden-tablet elementor-hidden-mobile elementor-widget elementor-widget-heading\" data-id=\"630f494\" data-element_type=\"widget\" data-e-type=\"widget\" data-widget_type=\"heading.default\">\n\t\t\t\t\t<h2 class=\"elementor-heading-title elementor-size-default\">le SNBG Atelier<\/h2>\t\t\t\t<\/div>\n\t\t\t\t<div class=\"elementor-element elementor-element-f803086 elementor-hidden-desktop elementor-widget elementor-widget-heading\" data-id=\"f803086\" data-element_type=\"widget\" data-e-type=\"widget\" data-widget_type=\"heading.default\">\n\t\t\t\t\t<h2 class=\"elementor-heading-title elementor-size-default\">le SNBG Atelier<\/h2>\t\t\t\t<\/div>\n\t\t<div class=\"elementor-element elementor-element-87170c4 e-con-full e-flex e-con e-child\" data-id=\"87170c4\" data-element_type=\"container\" data-e-type=\"container\" data-settings=\"{&quot;background_background&quot;:&quot;video&quot;}\">\n\t\t\t\t<div class=\"elementor-element elementor-element-08ed72e elementor-widget elementor-widget-spacer\" data-id=\"08ed72e\" data-element_type=\"widget\" data-e-type=\"widget\" data-widget_type=\"spacer.default\">\n\t\t\t\t\t\t\t<div class=\"elementor-spacer\">\n\t\t\t<div class=\"elementor-spacer-inner\"><\/div>\n\t\t<\/div>\n\t\t\t\t\t\t<\/div>\n\t\t\t\t<\/div>\n\t\t\t\t<div class=\"elementor-element elementor-element-801276b elementor-widget elementor-widget-spacer\" data-id=\"801276b\" data-element_type=\"widget\" data-e-type=\"widget\" data-widget_type=\"spacer.default\">\n\t\t\t\t\t\t\t<div class=\"elementor-spacer\">\n\t\t\t<div class=\"elementor-spacer-inner\"><\/div>\n\t\t<\/div>\n\t\t\t\t\t\t<\/div>\n\t\t\t\t<div class=\"elementor-element elementor-element-8ae69e5 elementor-widget elementor-widget-heading\" data-id=\"8ae69e5\" data-element_type=\"widget\" data-e-type=\"widget\" data-widget_type=\"heading.default\">\n\t\t\t\t\t<h2 class=\"elementor-heading-title elementor-size-default\">transport &amp; logistique<\/h2>\t\t\t\t<\/div>\n\t\t\t\t<div class=\"elementor-element elementor-element-cd73f34 elementor-widget elementor-widget-text-editor\" data-id=\"cd73f34\" data-element_type=\"widget\" data-e-type=\"widget\" data-widget_type=\"text-editor.default\">\n\t\t\t\t\t\t\t\t\t<p><b>La logistique et le transport sont les piliers de l\u2019organisation<\/b> d\u2019une grande exposition. Ces \u00e9tapes, souvent invisibles mais essentielles, sont d\u00e9terminantes pour la r\u00e9ussite de tout projet. Je travaille avec <b>une \u00e9quipe fid\u00e8le<\/b> depuis de nombreuses ann\u00e9es, une collaboration o\u00f9 chaque geste est ma\u00eetris\u00e9 et o\u00f9 notre <b>complicit\u00e9 garantit une efficacit\u00e9 optimale.<\/b><\/p>\t\t\t\t\t\t\t\t<\/div>\n\t\t\t\t<div class=\"elementor-element elementor-element-8325946 elementor-hidden-tablet elementor-hidden-mobile elementor-widget elementor-widget-spacer\" data-id=\"8325946\" data-element_type=\"widget\" data-e-type=\"widget\" data-widget_type=\"spacer.default\">\n\t\t\t\t\t\t\t<div class=\"elementor-spacer\">\n\t\t\t<div class=\"elementor-spacer-inner\"><\/div>\n\t\t<\/div>\n\t\t\t\t\t\t<\/div>\n\t\t\t\t<div class=\"elementor-element elementor-element-4be85c1 elementor-widget elementor-widget-image-gallery\" data-id=\"4be85c1\" data-element_type=\"widget\" data-e-type=\"widget\" data-widget_type=\"image-gallery.default\">\n\t\t\t\t\t\t\t<div class=\"elementor-image-gallery\">\n\t\t\t<div id='gallery-1' class='gallery galleryid-391 gallery-columns-4 gallery-size-medium_large'><figure class='gallery-item'>\n\t\t\t<div class='gallery-icon landscape'>\n\t\t\t\t<a data-elementor-open-lightbox=\"yes\" data-elementor-lightbox-slideshow=\"4be85c1\" data-elementor-lightbox-title=\"TL-01\" data-e-action-hash=\"#elementor-action%3Aaction%3Dlightbox%26settings%3DeyJpZCI6Mzk3LCJ1cmwiOiJodHRwczpcL1wvd3d3Lm5pY29sYXNzYW5oZXMuZnJcL3dwLWNvbnRlbnRcL3VwbG9hZHNcLzIwMjZcLzAyXC9UTC0wMS5qcGciLCJzbGlkZXNob3ciOiI0YmU4NWMxIn0%3D\" href='https:\/\/www.nicolassanhes.fr\/wp-content\/uploads\/2026\/02\/TL-01.jpg'><img fetchpriority=\"high\" decoding=\"async\" width=\"768\" height=\"512\" src=\"https:\/\/www.nicolassanhes.fr\/wp-content\/uploads\/2026\/02\/TL-01-768x512.jpg\" class=\"attachment-medium_large size-medium_large\" alt=\"\" srcset=\"https:\/\/www.nicolassanhes.fr\/wp-content\/uploads\/2026\/02\/TL-01-768x512.jpg 768w, https:\/\/www.nicolassanhes.fr\/wp-content\/uploads\/2026\/02\/TL-01-300x200.jpg 300w, https:\/\/www.nicolassanhes.fr\/wp-content\/uploads\/2026\/02\/TL-01-1024x683.jpg 1024w, https:\/\/www.nicolassanhes.fr\/wp-content\/uploads\/2026\/02\/TL-01.jpg 1200w\" sizes=\"(max-width: 768px) 100vw, 768px\" \/><\/a>\n\t\t\t<\/div><\/figure><figure class='gallery-item'>\n\t\t\t<div class='gallery-icon landscape'>\n\t\t\t\t<a data-elementor-open-lightbox=\"yes\" data-elementor-lightbox-slideshow=\"4be85c1\" data-elementor-lightbox-title=\"TL-02\" data-e-action-hash=\"#elementor-action%3Aaction%3Dlightbox%26settings%3DeyJpZCI6Mzk4LCJ1cmwiOiJodHRwczpcL1wvd3d3Lm5pY29sYXNzYW5oZXMuZnJcL3dwLWNvbnRlbnRcL3VwbG9hZHNcLzIwMjZcLzAyXC9UTC0wMi5qcGciLCJzbGlkZXNob3ciOiI0YmU4NWMxIn0%3D\" href='https:\/\/www.nicolassanhes.fr\/wp-content\/uploads\/2026\/02\/TL-02.jpg'><img decoding=\"async\" width=\"768\" height=\"512\" src=\"https:\/\/www.nicolassanhes.fr\/wp-content\/uploads\/2026\/02\/TL-02-768x512.jpg\" class=\"attachment-medium_large size-medium_large\" alt=\"\" srcset=\"https:\/\/www.nicolassanhes.fr\/wp-content\/uploads\/2026\/02\/TL-02-768x512.jpg 768w, https:\/\/www.nicolassanhes.fr\/wp-content\/uploads\/2026\/02\/TL-02-300x200.jpg 300w, https:\/\/www.nicolassanhes.fr\/wp-content\/uploads\/2026\/02\/TL-02-1024x683.jpg 1024w, https:\/\/www.nicolassanhes.fr\/wp-content\/uploads\/2026\/02\/TL-02.jpg 1200w\" sizes=\"(max-width: 768px) 100vw, 768px\" \/><\/a>\n\t\t\t<\/div><\/figure><figure class='gallery-item'>\n\t\t\t<div class='gallery-icon landscape'>\n\t\t\t\t<a data-elementor-open-lightbox=\"yes\" data-elementor-lightbox-slideshow=\"4be85c1\" data-elementor-lightbox-title=\"TL-03\" data-e-action-hash=\"#elementor-action%3Aaction%3Dlightbox%26settings%3DeyJpZCI6Mzk5LCJ1cmwiOiJodHRwczpcL1wvd3d3Lm5pY29sYXNzYW5oZXMuZnJcL3dwLWNvbnRlbnRcL3VwbG9hZHNcLzIwMjZcLzAyXC9UTC0wMy5qcGciLCJzbGlkZXNob3ciOiI0YmU4NWMxIn0%3D\" href='https:\/\/www.nicolassanhes.fr\/wp-content\/uploads\/2026\/02\/TL-03.jpg'><img decoding=\"async\" width=\"768\" height=\"512\" src=\"https:\/\/www.nicolassanhes.fr\/wp-content\/uploads\/2026\/02\/TL-03-768x512.jpg\" class=\"attachment-medium_large size-medium_large\" alt=\"\" srcset=\"https:\/\/www.nicolassanhes.fr\/wp-content\/uploads\/2026\/02\/TL-03-768x512.jpg 768w, https:\/\/www.nicolassanhes.fr\/wp-content\/uploads\/2026\/02\/TL-03-300x200.jpg 300w, https:\/\/www.nicolassanhes.fr\/wp-content\/uploads\/2026\/02\/TL-03-1024x683.jpg 1024w, https:\/\/www.nicolassanhes.fr\/wp-content\/uploads\/2026\/02\/TL-03.jpg 1200w\" sizes=\"(max-width: 768px) 100vw, 768px\" \/><\/a>\n\t\t\t<\/div><\/figure><figure class='gallery-item'>\n\t\t\t<div class='gallery-icon landscape'>\n\t\t\t\t<a data-elementor-open-lightbox=\"yes\" data-elementor-lightbox-slideshow=\"4be85c1\" data-elementor-lightbox-title=\"TL-04\" data-e-action-hash=\"#elementor-action%3Aaction%3Dlightbox%26settings%3DeyJpZCI6NDAwLCJ1cmwiOiJodHRwczpcL1wvd3d3Lm5pY29sYXNzYW5oZXMuZnJcL3dwLWNvbnRlbnRcL3VwbG9hZHNcLzIwMjZcLzAyXC9UTC0wNC5qcGciLCJzbGlkZXNob3ciOiI0YmU4NWMxIn0%3D\" href='https:\/\/www.nicolassanhes.fr\/wp-content\/uploads\/2026\/02\/TL-04.jpg'><img loading=\"lazy\" decoding=\"async\" width=\"768\" height=\"512\" src=\"https:\/\/www.nicolassanhes.fr\/wp-content\/uploads\/2026\/02\/TL-04-768x512.jpg\" class=\"attachment-medium_large size-medium_large\" alt=\"\" srcset=\"https:\/\/www.nicolassanhes.fr\/wp-content\/uploads\/2026\/02\/TL-04-768x512.jpg 768w, https:\/\/www.nicolassanhes.fr\/wp-content\/uploads\/2026\/02\/TL-04-300x200.jpg 300w, https:\/\/www.nicolassanhes.fr\/wp-content\/uploads\/2026\/02\/TL-04-1024x683.jpg 1024w, https:\/\/www.nicolassanhes.fr\/wp-content\/uploads\/2026\/02\/TL-04.jpg 1200w\" sizes=\"(max-width: 768px) 100vw, 768px\" \/><\/a>\n\t\t\t<\/div><\/figure><figure class='gallery-item'>\n\t\t\t<div class='gallery-icon landscape'>\n\t\t\t\t<a data-elementor-open-lightbox=\"yes\" data-elementor-lightbox-slideshow=\"4be85c1\" data-elementor-lightbox-title=\"TL-05\" data-e-action-hash=\"#elementor-action%3Aaction%3Dlightbox%26settings%3DeyJpZCI6NDAxLCJ1cmwiOiJodHRwczpcL1wvd3d3Lm5pY29sYXNzYW5oZXMuZnJcL3dwLWNvbnRlbnRcL3VwbG9hZHNcLzIwMjZcLzAyXC9UTC0wNS5qcGciLCJzbGlkZXNob3ciOiI0YmU4NWMxIn0%3D\" href='https:\/\/www.nicolassanhes.fr\/wp-content\/uploads\/2026\/02\/TL-05.jpg'><img loading=\"lazy\" decoding=\"async\" width=\"768\" height=\"512\" src=\"https:\/\/www.nicolassanhes.fr\/wp-content\/uploads\/2026\/02\/TL-05-768x512.jpg\" class=\"attachment-medium_large size-medium_large\" alt=\"\" srcset=\"https:\/\/www.nicolassanhes.fr\/wp-content\/uploads\/2026\/02\/TL-05-768x512.jpg 768w, https:\/\/www.nicolassanhes.fr\/wp-content\/uploads\/2026\/02\/TL-05-300x200.jpg 300w, https:\/\/www.nicolassanhes.fr\/wp-content\/uploads\/2026\/02\/TL-05-1024x683.jpg 1024w, https:\/\/www.nicolassanhes.fr\/wp-content\/uploads\/2026\/02\/TL-05.jpg 1200w\" sizes=\"(max-width: 768px) 100vw, 768px\" \/><\/a>\n\t\t\t<\/div><\/figure><figure class='gallery-item'>\n\t\t\t<div class='gallery-icon landscape'>\n\t\t\t\t<a data-elementor-open-lightbox=\"yes\" data-elementor-lightbox-slideshow=\"4be85c1\" data-elementor-lightbox-title=\"TL-06\" data-e-action-hash=\"#elementor-action%3Aaction%3Dlightbox%26settings%3DeyJpZCI6NDAyLCJ1cmwiOiJodHRwczpcL1wvd3d3Lm5pY29sYXNzYW5oZXMuZnJcL3dwLWNvbnRlbnRcL3VwbG9hZHNcLzIwMjZcLzAyXC9UTC0wNi5qcGciLCJzbGlkZXNob3ciOiI0YmU4NWMxIn0%3D\" href='https:\/\/www.nicolassanhes.fr\/wp-content\/uploads\/2026\/02\/TL-06.jpg'><img loading=\"lazy\" decoding=\"async\" width=\"768\" height=\"512\" src=\"https:\/\/www.nicolassanhes.fr\/wp-content\/uploads\/2026\/02\/TL-06-768x512.jpg\" class=\"attachment-medium_large size-medium_large\" alt=\"\" srcset=\"https:\/\/www.nicolassanhes.fr\/wp-content\/uploads\/2026\/02\/TL-06-768x512.jpg 768w, https:\/\/www.nicolassanhes.fr\/wp-content\/uploads\/2026\/02\/TL-06-300x200.jpg 300w, https:\/\/www.nicolassanhes.fr\/wp-content\/uploads\/2026\/02\/TL-06-1024x683.jpg 1024w, https:\/\/www.nicolassanhes.fr\/wp-content\/uploads\/2026\/02\/TL-06.jpg 1200w\" sizes=\"(max-width: 768px) 100vw, 768px\" \/><\/a>\n\t\t\t<\/div><\/figure><figure class='gallery-item'>\n\t\t\t<div class='gallery-icon landscape'>\n\t\t\t\t<a data-elementor-open-lightbox=\"yes\" data-elementor-lightbox-slideshow=\"4be85c1\" data-elementor-lightbox-title=\"TL-07\" data-e-action-hash=\"#elementor-action%3Aaction%3Dlightbox%26settings%3DeyJpZCI6NDAzLCJ1cmwiOiJodHRwczpcL1wvd3d3Lm5pY29sYXNzYW5oZXMuZnJcL3dwLWNvbnRlbnRcL3VwbG9hZHNcLzIwMjZcLzAyXC9UTC0wNy5qcGciLCJzbGlkZXNob3ciOiI0YmU4NWMxIn0%3D\" href='https:\/\/www.nicolassanhes.fr\/wp-content\/uploads\/2026\/02\/TL-07.jpg'><img loading=\"lazy\" decoding=\"async\" width=\"768\" height=\"512\" src=\"https:\/\/www.nicolassanhes.fr\/wp-content\/uploads\/2026\/02\/TL-07-768x512.jpg\" class=\"attachment-medium_large size-medium_large\" alt=\"\" srcset=\"https:\/\/www.nicolassanhes.fr\/wp-content\/uploads\/2026\/02\/TL-07-768x512.jpg 768w, https:\/\/www.nicolassanhes.fr\/wp-content\/uploads\/2026\/02\/TL-07-300x200.jpg 300w, https:\/\/www.nicolassanhes.fr\/wp-content\/uploads\/2026\/02\/TL-07-1024x683.jpg 1024w, https:\/\/www.nicolassanhes.fr\/wp-content\/uploads\/2026\/02\/TL-07.jpg 1200w\" sizes=\"(max-width: 768px) 100vw, 768px\" \/><\/a>\n\t\t\t<\/div><\/figure><figure class='gallery-item'>\n\t\t\t<div class='gallery-icon landscape'>\n\t\t\t\t<a data-elementor-open-lightbox=\"yes\" data-elementor-lightbox-slideshow=\"4be85c1\" data-elementor-lightbox-title=\"TL-08\" data-e-action-hash=\"#elementor-action%3Aaction%3Dlightbox%26settings%3DeyJpZCI6NDA0LCJ1cmwiOiJodHRwczpcL1wvd3d3Lm5pY29sYXNzYW5oZXMuZnJcL3dwLWNvbnRlbnRcL3VwbG9hZHNcLzIwMjZcLzAyXC9UTC0wOC5qcGciLCJzbGlkZXNob3ciOiI0YmU4NWMxIn0%3D\" href='https:\/\/www.nicolassanhes.fr\/wp-content\/uploads\/2026\/02\/TL-08.jpg'><img loading=\"lazy\" decoding=\"async\" width=\"768\" height=\"512\" src=\"https:\/\/www.nicolassanhes.fr\/wp-content\/uploads\/2026\/02\/TL-08-768x512.jpg\" class=\"attachment-medium_large size-medium_large\" alt=\"\" srcset=\"https:\/\/www.nicolassanhes.fr\/wp-content\/uploads\/2026\/02\/TL-08-768x512.jpg 768w, https:\/\/www.nicolassanhes.fr\/wp-content\/uploads\/2026\/02\/TL-08-300x200.jpg 300w, https:\/\/www.nicolassanhes.fr\/wp-content\/uploads\/2026\/02\/TL-08-1024x683.jpg 1024w, https:\/\/www.nicolassanhes.fr\/wp-content\/uploads\/2026\/02\/TL-08.jpg 1200w\" sizes=\"(max-width: 768px) 100vw, 768px\" \/><\/a>\n\t\t\t<\/div><\/figure><figure class='gallery-item'>\n\t\t\t<div class='gallery-icon portrait'>\n\t\t\t\t<a data-elementor-open-lightbox=\"yes\" data-elementor-lightbox-slideshow=\"4be85c1\" data-elementor-lightbox-title=\"TL-09\" data-e-action-hash=\"#elementor-action%3Aaction%3Dlightbox%26settings%3DeyJpZCI6NDA1LCJ1cmwiOiJodHRwczpcL1wvd3d3Lm5pY29sYXNzYW5oZXMuZnJcL3dwLWNvbnRlbnRcL3VwbG9hZHNcLzIwMjZcLzAyXC9UTC0wOS5qcGciLCJzbGlkZXNob3ciOiI0YmU4NWMxIn0%3D\" href='https:\/\/www.nicolassanhes.fr\/wp-content\/uploads\/2026\/02\/TL-09.jpg'><img loading=\"lazy\" decoding=\"async\" width=\"768\" height=\"1152\" src=\"https:\/\/www.nicolassanhes.fr\/wp-content\/uploads\/2026\/02\/TL-09-768x1152.jpg\" class=\"attachment-medium_large size-medium_large\" alt=\"\" srcset=\"https:\/\/www.nicolassanhes.fr\/wp-content\/uploads\/2026\/02\/TL-09-768x1152.jpg 768w, https:\/\/www.nicolassanhes.fr\/wp-content\/uploads\/2026\/02\/TL-09-200x300.jpg 200w, https:\/\/www.nicolassanhes.fr\/wp-content\/uploads\/2026\/02\/TL-09-683x1024.jpg 683w, https:\/\/www.nicolassanhes.fr\/wp-content\/uploads\/2026\/02\/TL-09.jpg 800w\" sizes=\"(max-width: 768px) 100vw, 768px\" \/><\/a>\n\t\t\t<\/div><\/figure><figure class='gallery-item'>\n\t\t\t<div class='gallery-icon portrait'>\n\t\t\t\t<a data-elementor-open-lightbox=\"yes\" data-elementor-lightbox-slideshow=\"4be85c1\" data-elementor-lightbox-title=\"TL-10\" data-e-action-hash=\"#elementor-action%3Aaction%3Dlightbox%26settings%3DeyJpZCI6NDA2LCJ1cmwiOiJodHRwczpcL1wvd3d3Lm5pY29sYXNzYW5oZXMuZnJcL3dwLWNvbnRlbnRcL3VwbG9hZHNcLzIwMjZcLzAyXC9UTC0xMC5qcGciLCJzbGlkZXNob3ciOiI0YmU4NWMxIn0%3D\" href='https:\/\/www.nicolassanhes.fr\/wp-content\/uploads\/2026\/02\/TL-10.jpg'><img loading=\"lazy\" decoding=\"async\" width=\"768\" height=\"1152\" src=\"https:\/\/www.nicolassanhes.fr\/wp-content\/uploads\/2026\/02\/TL-10-768x1152.jpg\" class=\"attachment-medium_large size-medium_large\" alt=\"\" srcset=\"https:\/\/www.nicolassanhes.fr\/wp-content\/uploads\/2026\/02\/TL-10-768x1152.jpg 768w, https:\/\/www.nicolassanhes.fr\/wp-content\/uploads\/2026\/02\/TL-10-200x300.jpg 200w, https:\/\/www.nicolassanhes.fr\/wp-content\/uploads\/2026\/02\/TL-10-683x1024.jpg 683w, https:\/\/www.nicolassanhes.fr\/wp-content\/uploads\/2026\/02\/TL-10.jpg 800w\" sizes=\"(max-width: 768px) 100vw, 768px\" \/><\/a>\n\t\t\t<\/div><\/figure><figure class='gallery-item'>\n\t\t\t<div class='gallery-icon portrait'>\n\t\t\t\t<a data-elementor-open-lightbox=\"yes\" data-elementor-lightbox-slideshow=\"4be85c1\" data-elementor-lightbox-title=\"TL-11\" data-e-action-hash=\"#elementor-action%3Aaction%3Dlightbox%26settings%3DeyJpZCI6NDA3LCJ1cmwiOiJodHRwczpcL1wvd3d3Lm5pY29sYXNzYW5oZXMuZnJcL3dwLWNvbnRlbnRcL3VwbG9hZHNcLzIwMjZcLzAyXC9UTC0xMS5qcGciLCJzbGlkZXNob3ciOiI0YmU4NWMxIn0%3D\" href='https:\/\/www.nicolassanhes.fr\/wp-content\/uploads\/2026\/02\/TL-11.jpg'><img loading=\"lazy\" decoding=\"async\" width=\"768\" height=\"1152\" src=\"https:\/\/www.nicolassanhes.fr\/wp-content\/uploads\/2026\/02\/TL-11-768x1152.jpg\" class=\"attachment-medium_large size-medium_large\" alt=\"\" srcset=\"https:\/\/www.nicolassanhes.fr\/wp-content\/uploads\/2026\/02\/TL-11-768x1152.jpg 768w, https:\/\/www.nicolassanhes.fr\/wp-content\/uploads\/2026\/02\/TL-11-200x300.jpg 200w, https:\/\/www.nicolassanhes.fr\/wp-content\/uploads\/2026\/02\/TL-11-683x1024.jpg 683w, https:\/\/www.nicolassanhes.fr\/wp-content\/uploads\/2026\/02\/TL-11.jpg 800w\" sizes=\"(max-width: 768px) 100vw, 768px\" \/><\/a>\n\t\t\t<\/div><\/figure><figure class='gallery-item'>\n\t\t\t<div class='gallery-icon portrait'>\n\t\t\t\t<a data-elementor-open-lightbox=\"yes\" data-elementor-lightbox-slideshow=\"4be85c1\" data-elementor-lightbox-title=\"TL-12\" data-e-action-hash=\"#elementor-action%3Aaction%3Dlightbox%26settings%3DeyJpZCI6NDA4LCJ1cmwiOiJodHRwczpcL1wvd3d3Lm5pY29sYXNzYW5oZXMuZnJcL3dwLWNvbnRlbnRcL3VwbG9hZHNcLzIwMjZcLzAyXC9UTC0xMi5qcGciLCJzbGlkZXNob3ciOiI0YmU4NWMxIn0%3D\" href='https:\/\/www.nicolassanhes.fr\/wp-content\/uploads\/2026\/02\/TL-12.jpg'><img loading=\"lazy\" decoding=\"async\" width=\"768\" height=\"1152\" src=\"https:\/\/www.nicolassanhes.fr\/wp-content\/uploads\/2026\/02\/TL-12-768x1152.jpg\" class=\"attachment-medium_large size-medium_large\" alt=\"\" srcset=\"https:\/\/www.nicolassanhes.fr\/wp-content\/uploads\/2026\/02\/TL-12-768x1152.jpg 768w, https:\/\/www.nicolassanhes.fr\/wp-content\/uploads\/2026\/02\/TL-12-200x300.jpg 200w, https:\/\/www.nicolassanhes.fr\/wp-content\/uploads\/2026\/02\/TL-12-683x1024.jpg 683w, https:\/\/www.nicolassanhes.fr\/wp-content\/uploads\/2026\/02\/TL-12.jpg 800w\" sizes=\"(max-width: 768px) 100vw, 768px\" \/><\/a>\n\t\t\t<\/div><\/figure>\n\t\t<\/div>\n\t\t<\/div>\n\t\t\t\t\t\t<\/div>\n\t\t\t\t<div class=\"elementor-element elementor-element-be36461 elementor-widget elementor-widget-spacer\" data-id=\"be36461\" data-element_type=\"widget\" data-e-type=\"widget\" data-widget_type=\"spacer.default\">\n\t\t\t\t\t\t\t<div class=\"elementor-spacer\">\n\t\t\t<div class=\"elementor-spacer-inner\"><\/div>\n\t\t<\/div>\n\t\t\t\t\t\t<\/div>\n\t\t\t\t<div class=\"elementor-element elementor-element-9f20f9f elementor-widget-divider--view-line elementor-widget elementor-widget-divider\" data-id=\"9f20f9f\" data-element_type=\"widget\" data-e-type=\"widget\" data-widget_type=\"divider.default\">\n\t\t\t\t\t\t\t<div class=\"elementor-divider\">\n\t\t\t<span class=\"elementor-divider-separator\">\n\t\t\t\t\t\t<\/span>\n\t\t<\/div>\n\t\t\t\t\t\t<\/div>\n\t\t\t\t<div class=\"elementor-element elementor-element-231843d elementor-widget elementor-widget-text-editor\" data-id=\"231843d\" data-element_type=\"widget\" data-e-type=\"widget\" data-widget_type=\"text-editor.default\">\n\t\t\t\t\t\t\t\t\t<p><a href=\"https:\/\/nicolassanhes.fr\/?page_id=289\">ATELIER SCULPTURE<\/a> \u00a0<strong> |<\/strong>\u00a0 <a href=\"https:\/\/nicolassanhes.fr\/?page_id=320\">NUMERISATION<\/a> \u00a0<strong>| \u00a0<\/strong><a href=\"https:\/\/nicolassanhes.fr\/?page_id=391\">TRANSPORT &amp; LOGISTIQUE<\/a> \u00a0<strong>| \u00a0<\/strong><a href=\"https:\/\/nicolassanhes.fr\/?page_id=343\">ATELIER PEINTURE<\/a> <strong>| <\/strong><a href=\"https:\/\/www.nicolassanhes.fr\/?page_id=534\">ATELIER DESSIN<\/a><strong> |\u00a0<\/strong><a href=\"https:\/\/nicolassanhes.fr\/?page_id=367\">ATELIER DE RECEPTION<\/a><\/p>\t\t\t\t\t\t\t\t<\/div>\n\t\t\t\t\t<\/div>\n\t\t\t\t<\/div>\n\t\t\t\t<\/div>\n\t\t\t\t<\/div>\n\t\t","protected":false},"excerpt":{"rendered":"<p>\u00c0 seulement 20 minutes de la porte d\u2019Auteuil, en direction de Rambouillet, je vous ouvre les portes de mes deux ateliers, nich\u00e9s au sud-ouest de Paris. Le premier, un espace de 350 m\u00b2, est enti\u00e8rement d\u00e9di\u00e9 \u00e0 la cr\u00e9ation d\u2019oeuvres sculpturales.<\/p>\n","protected":false},"author":2,"featured_media":739,"parent":0,"menu_order":0,"comment_status":"closed","ping_status":"closed","template":"","meta":{"footnotes":""},"class_list":["post-391","page","type-page","status-publish","has-post-thumbnail","hentry"],"_links":{"self":[{"href":"https:\/\/www.nicolassanhes.fr\/index.php?rest_route=\/wp\/v2\/pages\/391","targetHints":{"allow":["GET"]}}],"collection":[{"href":"https:\/\/www.nicolassanhes.fr\/index.php?rest_route=\/wp\/v2\/pages"}],"about":[{"href":"https:\/\/www.nicolassanhes.fr\/index.php?rest_route=\/wp\/v2\/types\/page"}],"author":[{"embeddable":true,"href":"https:\/\/www.nicolassanhes.fr\/index.php?rest_route=\/wp\/v2\/users\/2"}],"replies":[{"embeddable":true,"href":"https:\/\/www.nicolassanhes.fr\/index.php?rest_route=%2Fwp%2Fv2%2Fcomments&post=391"}],"version-history":[{"count":22,"href":"https:\/\/www.nicolassanhes.fr\/index.php?rest_route=\/wp\/v2\/pages\/391\/revisions"}],"predecessor-version":[{"id":591,"href":"https:\/\/www.nicolassanhes.fr\/index.php?rest_route=\/wp\/v2\/pages\/391\/revisions\/591"}],"wp:featuredmedia":[{"embeddable":true,"href":"https:\/\/www.nicolassanhes.fr\/index.php?rest_route=\/wp\/v2\/media\/739"}],"wp:attachment":[{"href":"https:\/\/www.nicolassanhes.fr\/index.php?rest_route=%2Fwp%2Fv2%2Fmedia&parent=391"}],"curies":[{"name":"wp","href":"https:\/\/api.w.org\/{rel}","templated":true}]}}