{"id":534,"date":"2026-03-02T13:32:04","date_gmt":"2026-03-02T13:32:04","guid":{"rendered":"https:\/\/www.nicolassanhes.fr\/?page_id=534"},"modified":"2026-03-26T14:41:12","modified_gmt":"2026-03-26T14:41:12","slug":"atelier-dessin","status":"publish","type":"page","link":"https:\/\/www.nicolassanhes.fr\/?page_id=534","title":{"rendered":"Atelier dessin"},"content":{"rendered":"\t\t<div data-elementor-type=\"wp-page\" data-elementor-id=\"534\" class=\"elementor elementor-534\" data-elementor-post-type=\"page\">\n\t\t\t\t<div class=\"elementor-element elementor-element-93c0259 e-con-full e-flex e-con e-parent\" data-id=\"93c0259\" data-element_type=\"container\" data-e-type=\"container\">\n\t\t<div class=\"elementor-element elementor-element-2035645 e-flex e-con-boxed e-con e-child\" data-id=\"2035645\" data-element_type=\"container\" data-e-type=\"container\">\n\t\t\t\t\t<div class=\"e-con-inner\">\n\t\t\t\t<div class=\"elementor-element elementor-element-fc8a621 elementor-widget elementor-widget-spacer\" data-id=\"fc8a621\" data-element_type=\"widget\" data-e-type=\"widget\" data-widget_type=\"spacer.default\">\n\t\t\t\t\t\t\t<div class=\"elementor-spacer\">\n\t\t\t<div class=\"elementor-spacer-inner\"><\/div>\n\t\t<\/div>\n\t\t\t\t\t\t<\/div>\n\t\t\t\t<div class=\"elementor-element elementor-element-630f494 elementor-hidden-tablet elementor-hidden-mobile elementor-widget elementor-widget-heading\" data-id=\"630f494\" data-element_type=\"widget\" data-e-type=\"widget\" data-widget_type=\"heading.default\">\n\t\t\t\t\t<h2 class=\"elementor-heading-title elementor-size-default\">le SNBG Atelier<\/h2>\t\t\t\t<\/div>\n\t\t\t\t<div class=\"elementor-element elementor-element-fdc075b elementor-hidden-desktop elementor-widget elementor-widget-heading\" data-id=\"fdc075b\" data-element_type=\"widget\" data-e-type=\"widget\" data-widget_type=\"heading.default\">\n\t\t\t\t\t<h2 class=\"elementor-heading-title elementor-size-default\">le SNBG Atelier<\/h2>\t\t\t\t<\/div>\n\t\t<div class=\"elementor-element elementor-element-87170c4 e-con-full e-flex e-con e-child\" data-id=\"87170c4\" data-element_type=\"container\" data-e-type=\"container\" data-settings=\"{&quot;background_background&quot;:&quot;video&quot;}\">\n\t\t\t\t<div class=\"elementor-element elementor-element-08ed72e elementor-widget elementor-widget-spacer\" data-id=\"08ed72e\" data-element_type=\"widget\" data-e-type=\"widget\" data-widget_type=\"spacer.default\">\n\t\t\t\t\t\t\t<div class=\"elementor-spacer\">\n\t\t\t<div class=\"elementor-spacer-inner\"><\/div>\n\t\t<\/div>\n\t\t\t\t\t\t<\/div>\n\t\t\t\t<\/div>\n\t\t\t\t<div class=\"elementor-element elementor-element-801276b elementor-widget elementor-widget-spacer\" data-id=\"801276b\" data-element_type=\"widget\" data-e-type=\"widget\" data-widget_type=\"spacer.default\">\n\t\t\t\t\t\t\t<div class=\"elementor-spacer\">\n\t\t\t<div class=\"elementor-spacer-inner\"><\/div>\n\t\t<\/div>\n\t\t\t\t\t\t<\/div>\n\t\t\t\t<div class=\"elementor-element elementor-element-8ae69e5 elementor-widget elementor-widget-heading\" data-id=\"8ae69e5\" data-element_type=\"widget\" data-e-type=\"widget\" data-widget_type=\"heading.default\">\n\t\t\t\t\t<h2 class=\"elementor-heading-title elementor-size-default\">Atelier dessin<\/h2>\t\t\t\t<\/div>\n\t\t\t\t<div class=\"elementor-element elementor-element-cd73f34 elementor-widget elementor-widget-text-editor\" data-id=\"cd73f34\" data-element_type=\"widget\" data-e-type=\"widget\" data-widget_type=\"text-editor.default\">\n\t\t\t\t\t\t\t\t\t<p>C&rsquo;est avec les dessins d\u00e9coup\u00e9s que l&rsquo;on per\u00e7oit avec clart\u00e9 ce qui est en jeu dans ce travail pictural et dessin\u00e9 : le d\u00e9voilement du secret agissant dans le geste cr\u00e9ateur.<\/p><p>Sur des feuilles blanches, des lignes dessin\u00e9es se voient par endroit doubl\u00e9es par des lignes d\u00e9coup\u00e9es qui donnent lieu \u00e0 des mouvements de surfaces ressemblant \u00e0 des soul\u00e8vements de plaques tectoniques \u00e0 \u00e9chelle miniature. Mais ces d\u00e9coupes r\u00e9v\u00e8lent aussi des arri\u00e8re-plans singuliers.<\/p><p>En effet, on voit para\u00eetre divers modules color\u00e9s qui rel\u00e8vent parfois du fond, parfois de la face cach\u00e9e du papier qui sert de support \u00e0 ces variations cr\u00e9atrices, parfois de l&rsquo;ombre que laisse une plaque qui se soul\u00e8ve.<\/p><p>L\u00e0 encore, le point de d\u00e9part vient d&rsquo;une sculpture, mais ce qui importe c&rsquo;est que le d\u00e9placement de ces lignes sur la surface engendre des variations de lignes qui, en m\u00eame temps, multiplient l&rsquo;espace et le d\u00e9coupent comme s&rsquo;il s&rsquo;agissait de montrer qu&rsquo;il \u00e9tait possible de le r\u00e9duire \u00e0 n\u00e9ant. Traces objectives d&rsquo;une sculpture, les lignes dessinent moins qu&rsquo;elles ne font surgir et elles font moins surgir qu&rsquo;elles n&rsquo;ouvrent au visible des aspects cach\u00e9s du monde.<\/p><p>Toute surface ne recouvre pas tant un monde fait de profondeurs incalculables qu&rsquo;elle occulte ou cache une autre surface.<\/p><p>Ce secret, NS l&rsquo;a per\u00e7u avec justesse. Il parvient par des gestes simples \u00e0 faire sourdre la lumi\u00e8re de la nuit, \u00e0 r\u00e9v\u00e9ler que l&rsquo;autre face du dessin, par un jeu de miroirs li\u00e9s au papier, est elle-m\u00eame surface et que la cr\u00e9ation est un jeu \u00e9ternel au sens o\u00f9 H\u00e9raclite d&rsquo;\u00c9ph\u00e8se pouvait d\u00e9j\u00e0 noter dans le fragment 52 : \u00ab\u00a0 L&rsquo;\u00e9ternit\u00e9 est un enfant qui s&rsquo;amuse, il joue au trictrac. \u00c0 l&rsquo;enfant, la Royaut\u00e9\u00a0\u00bb.<\/p>\t\t\t\t\t\t\t\t<\/div>\n\t\t\t\t<div class=\"elementor-element elementor-element-a1ba082 elementor-widget elementor-widget-text-editor\" data-id=\"a1ba082\" data-element_type=\"widget\" data-e-type=\"widget\" data-widget_type=\"text-editor.default\">\n\t\t\t\t\t\t\t\t\t<p><strong>Jean-Louis Poitevin<\/strong><\/p><p>\u00e9crivain, critique d&rsquo;art, r\u00e9dacteur en chef de TK-21 LaRevue<\/p>\t\t\t\t\t\t\t\t<\/div>\n\t\t\t\t<div class=\"elementor-element elementor-element-8325946 elementor-widget elementor-widget-spacer\" data-id=\"8325946\" data-element_type=\"widget\" data-e-type=\"widget\" data-widget_type=\"spacer.default\">\n\t\t\t\t\t\t\t<div class=\"elementor-spacer\">\n\t\t\t<div class=\"elementor-spacer-inner\"><\/div>\n\t\t<\/div>\n\t\t\t\t\t\t<\/div>\n\t\t\t\t<div class=\"elementor-element elementor-element-4be85c1 elementor-widget elementor-widget-image-gallery\" data-id=\"4be85c1\" data-element_type=\"widget\" data-e-type=\"widget\" data-widget_type=\"image-gallery.default\">\n\t\t\t\t\t\t\t<div class=\"elementor-image-gallery\">\n\t\t\t<div id='gallery-1' class='gallery galleryid-534 gallery-columns-4 gallery-size-medium_large'><figure class='gallery-item'>\n\t\t\t<div class='gallery-icon landscape'>\n\t\t\t\t<a data-elementor-open-lightbox=\"yes\" data-elementor-lightbox-slideshow=\"4be85c1\" data-elementor-lightbox-title=\"AD-06\" data-e-action-hash=\"#elementor-action%3Aaction%3Dlightbox%26settings%3DeyJpZCI6NTQ2LCJ1cmwiOiJodHRwczpcL1wvd3d3Lm5pY29sYXNzYW5oZXMuZnJcL3dwLWNvbnRlbnRcL3VwbG9hZHNcLzIwMjZcLzAzXC9BRC0wNi5qcGciLCJzbGlkZXNob3ciOiI0YmU4NWMxIn0%3D\" href='https:\/\/www.nicolassanhes.fr\/wp-content\/uploads\/2026\/03\/AD-06.jpg'><img fetchpriority=\"high\" decoding=\"async\" width=\"768\" height=\"512\" src=\"https:\/\/www.nicolassanhes.fr\/wp-content\/uploads\/2026\/03\/AD-06-768x512.jpg\" class=\"attachment-medium_large size-medium_large\" alt=\"\" srcset=\"https:\/\/www.nicolassanhes.fr\/wp-content\/uploads\/2026\/03\/AD-06-768x512.jpg 768w, https:\/\/www.nicolassanhes.fr\/wp-content\/uploads\/2026\/03\/AD-06-300x200.jpg 300w, https:\/\/www.nicolassanhes.fr\/wp-content\/uploads\/2026\/03\/AD-06-1024x683.jpg 1024w, https:\/\/www.nicolassanhes.fr\/wp-content\/uploads\/2026\/03\/AD-06.jpg 1200w\" sizes=\"(max-width: 768px) 100vw, 768px\" \/><\/a>\n\t\t\t<\/div><\/figure><figure class='gallery-item'>\n\t\t\t<div class='gallery-icon landscape'>\n\t\t\t\t<a data-elementor-open-lightbox=\"yes\" data-elementor-lightbox-slideshow=\"4be85c1\" data-elementor-lightbox-title=\"AD-04\" data-e-action-hash=\"#elementor-action%3Aaction%3Dlightbox%26settings%3DeyJpZCI6NTQ0LCJ1cmwiOiJodHRwczpcL1wvd3d3Lm5pY29sYXNzYW5oZXMuZnJcL3dwLWNvbnRlbnRcL3VwbG9hZHNcLzIwMjZcLzAzXC9BRC0wNC5qcGciLCJzbGlkZXNob3ciOiI0YmU4NWMxIn0%3D\" href='https:\/\/www.nicolassanhes.fr\/wp-content\/uploads\/2026\/03\/AD-04.jpg'><img decoding=\"async\" width=\"768\" height=\"512\" src=\"https:\/\/www.nicolassanhes.fr\/wp-content\/uploads\/2026\/03\/AD-04-768x512.jpg\" class=\"attachment-medium_large size-medium_large\" alt=\"\" srcset=\"https:\/\/www.nicolassanhes.fr\/wp-content\/uploads\/2026\/03\/AD-04-768x512.jpg 768w, https:\/\/www.nicolassanhes.fr\/wp-content\/uploads\/2026\/03\/AD-04-300x200.jpg 300w, https:\/\/www.nicolassanhes.fr\/wp-content\/uploads\/2026\/03\/AD-04-1024x683.jpg 1024w, https:\/\/www.nicolassanhes.fr\/wp-content\/uploads\/2026\/03\/AD-04.jpg 1200w\" sizes=\"(max-width: 768px) 100vw, 768px\" \/><\/a>\n\t\t\t<\/div><\/figure><figure class='gallery-item'>\n\t\t\t<div class='gallery-icon landscape'>\n\t\t\t\t<a data-elementor-open-lightbox=\"yes\" data-elementor-lightbox-slideshow=\"4be85c1\" data-elementor-lightbox-title=\"AD-03\" data-e-action-hash=\"#elementor-action%3Aaction%3Dlightbox%26settings%3DeyJpZCI6NTQzLCJ1cmwiOiJodHRwczpcL1wvd3d3Lm5pY29sYXNzYW5oZXMuZnJcL3dwLWNvbnRlbnRcL3VwbG9hZHNcLzIwMjZcLzAzXC9BRC0wMy5qcGciLCJzbGlkZXNob3ciOiI0YmU4NWMxIn0%3D\" href='https:\/\/www.nicolassanhes.fr\/wp-content\/uploads\/2026\/03\/AD-03.jpg'><img decoding=\"async\" width=\"768\" height=\"512\" src=\"https:\/\/www.nicolassanhes.fr\/wp-content\/uploads\/2026\/03\/AD-03-768x512.jpg\" class=\"attachment-medium_large size-medium_large\" alt=\"\" srcset=\"https:\/\/www.nicolassanhes.fr\/wp-content\/uploads\/2026\/03\/AD-03-768x512.jpg 768w, https:\/\/www.nicolassanhes.fr\/wp-content\/uploads\/2026\/03\/AD-03-300x200.jpg 300w, https:\/\/www.nicolassanhes.fr\/wp-content\/uploads\/2026\/03\/AD-03-1024x683.jpg 1024w, https:\/\/www.nicolassanhes.fr\/wp-content\/uploads\/2026\/03\/AD-03.jpg 1200w\" sizes=\"(max-width: 768px) 100vw, 768px\" \/><\/a>\n\t\t\t<\/div><\/figure><figure class='gallery-item'>\n\t\t\t<div class='gallery-icon landscape'>\n\t\t\t\t<a data-elementor-open-lightbox=\"yes\" data-elementor-lightbox-slideshow=\"4be85c1\" data-elementor-lightbox-title=\"AD-01\" data-e-action-hash=\"#elementor-action%3Aaction%3Dlightbox%26settings%3DeyJpZCI6NTQxLCJ1cmwiOiJodHRwczpcL1wvd3d3Lm5pY29sYXNzYW5oZXMuZnJcL3dwLWNvbnRlbnRcL3VwbG9hZHNcLzIwMjZcLzAzXC9BRC0wMS5qcGciLCJzbGlkZXNob3ciOiI0YmU4NWMxIn0%3D\" href='https:\/\/www.nicolassanhes.fr\/wp-content\/uploads\/2026\/03\/AD-01.jpg'><img loading=\"lazy\" decoding=\"async\" width=\"768\" height=\"512\" src=\"https:\/\/www.nicolassanhes.fr\/wp-content\/uploads\/2026\/03\/AD-01-768x512.jpg\" class=\"attachment-medium_large size-medium_large\" alt=\"\" srcset=\"https:\/\/www.nicolassanhes.fr\/wp-content\/uploads\/2026\/03\/AD-01-768x512.jpg 768w, https:\/\/www.nicolassanhes.fr\/wp-content\/uploads\/2026\/03\/AD-01-300x200.jpg 300w, https:\/\/www.nicolassanhes.fr\/wp-content\/uploads\/2026\/03\/AD-01-1024x683.jpg 1024w, https:\/\/www.nicolassanhes.fr\/wp-content\/uploads\/2026\/03\/AD-01.jpg 1200w\" sizes=\"(max-width: 768px) 100vw, 768px\" \/><\/a>\n\t\t\t<\/div><\/figure><figure class='gallery-item'>\n\t\t\t<div class='gallery-icon landscape'>\n\t\t\t\t<a data-elementor-open-lightbox=\"yes\" data-elementor-lightbox-slideshow=\"4be85c1\" data-elementor-lightbox-title=\"AD-02\" data-e-action-hash=\"#elementor-action%3Aaction%3Dlightbox%26settings%3DeyJpZCI6NTQyLCJ1cmwiOiJodHRwczpcL1wvd3d3Lm5pY29sYXNzYW5oZXMuZnJcL3dwLWNvbnRlbnRcL3VwbG9hZHNcLzIwMjZcLzAzXC9BRC0wMi5qcGciLCJzbGlkZXNob3ciOiI0YmU4NWMxIn0%3D\" href='https:\/\/www.nicolassanhes.fr\/wp-content\/uploads\/2026\/03\/AD-02.jpg'><img loading=\"lazy\" decoding=\"async\" width=\"768\" height=\"512\" src=\"https:\/\/www.nicolassanhes.fr\/wp-content\/uploads\/2026\/03\/AD-02-768x512.jpg\" class=\"attachment-medium_large size-medium_large\" alt=\"\" srcset=\"https:\/\/www.nicolassanhes.fr\/wp-content\/uploads\/2026\/03\/AD-02-768x512.jpg 768w, https:\/\/www.nicolassanhes.fr\/wp-content\/uploads\/2026\/03\/AD-02-300x200.jpg 300w, https:\/\/www.nicolassanhes.fr\/wp-content\/uploads\/2026\/03\/AD-02-1024x683.jpg 1024w, https:\/\/www.nicolassanhes.fr\/wp-content\/uploads\/2026\/03\/AD-02.jpg 1200w\" sizes=\"(max-width: 768px) 100vw, 768px\" \/><\/a>\n\t\t\t<\/div><\/figure><figure class='gallery-item'>\n\t\t\t<div class='gallery-icon landscape'>\n\t\t\t\t<a data-elementor-open-lightbox=\"yes\" data-elementor-lightbox-slideshow=\"4be85c1\" data-elementor-lightbox-title=\"AD-07\" data-e-action-hash=\"#elementor-action%3Aaction%3Dlightbox%26settings%3DeyJpZCI6NTQ3LCJ1cmwiOiJodHRwczpcL1wvd3d3Lm5pY29sYXNzYW5oZXMuZnJcL3dwLWNvbnRlbnRcL3VwbG9hZHNcLzIwMjZcLzAzXC9BRC0wNy5qcGciLCJzbGlkZXNob3ciOiI0YmU4NWMxIn0%3D\" href='https:\/\/www.nicolassanhes.fr\/wp-content\/uploads\/2026\/03\/AD-07.jpg'><img loading=\"lazy\" decoding=\"async\" width=\"768\" height=\"512\" src=\"https:\/\/www.nicolassanhes.fr\/wp-content\/uploads\/2026\/03\/AD-07-768x512.jpg\" class=\"attachment-medium_large size-medium_large\" alt=\"\" srcset=\"https:\/\/www.nicolassanhes.fr\/wp-content\/uploads\/2026\/03\/AD-07-768x512.jpg 768w, https:\/\/www.nicolassanhes.fr\/wp-content\/uploads\/2026\/03\/AD-07-300x200.jpg 300w, https:\/\/www.nicolassanhes.fr\/wp-content\/uploads\/2026\/03\/AD-07-1024x683.jpg 1024w, https:\/\/www.nicolassanhes.fr\/wp-content\/uploads\/2026\/03\/AD-07.jpg 1200w\" sizes=\"(max-width: 768px) 100vw, 768px\" \/><\/a>\n\t\t\t<\/div><\/figure><figure class='gallery-item'>\n\t\t\t<div class='gallery-icon landscape'>\n\t\t\t\t<a data-elementor-open-lightbox=\"yes\" data-elementor-lightbox-slideshow=\"4be85c1\" data-elementor-lightbox-title=\"AD-05\" data-e-action-hash=\"#elementor-action%3Aaction%3Dlightbox%26settings%3DeyJpZCI6NTQ1LCJ1cmwiOiJodHRwczpcL1wvd3d3Lm5pY29sYXNzYW5oZXMuZnJcL3dwLWNvbnRlbnRcL3VwbG9hZHNcLzIwMjZcLzAzXC9BRC0wNS5qcGciLCJzbGlkZXNob3ciOiI0YmU4NWMxIn0%3D\" href='https:\/\/www.nicolassanhes.fr\/wp-content\/uploads\/2026\/03\/AD-05.jpg'><img loading=\"lazy\" decoding=\"async\" width=\"768\" height=\"512\" src=\"https:\/\/www.nicolassanhes.fr\/wp-content\/uploads\/2026\/03\/AD-05-768x512.jpg\" class=\"attachment-medium_large size-medium_large\" alt=\"\" srcset=\"https:\/\/www.nicolassanhes.fr\/wp-content\/uploads\/2026\/03\/AD-05-768x512.jpg 768w, https:\/\/www.nicolassanhes.fr\/wp-content\/uploads\/2026\/03\/AD-05-300x200.jpg 300w, https:\/\/www.nicolassanhes.fr\/wp-content\/uploads\/2026\/03\/AD-05-1024x683.jpg 1024w, https:\/\/www.nicolassanhes.fr\/wp-content\/uploads\/2026\/03\/AD-05.jpg 1200w\" sizes=\"(max-width: 768px) 100vw, 768px\" \/><\/a>\n\t\t\t<\/div><\/figure><figure class='gallery-item'>\n\t\t\t<div class='gallery-icon landscape'>\n\t\t\t\t<a data-elementor-open-lightbox=\"yes\" data-elementor-lightbox-slideshow=\"4be85c1\" data-elementor-lightbox-title=\"AD-08\" data-e-action-hash=\"#elementor-action%3Aaction%3Dlightbox%26settings%3DeyJpZCI6NTQ4LCJ1cmwiOiJodHRwczpcL1wvd3d3Lm5pY29sYXNzYW5oZXMuZnJcL3dwLWNvbnRlbnRcL3VwbG9hZHNcLzIwMjZcLzAzXC9BRC0wOC5qcGciLCJzbGlkZXNob3ciOiI0YmU4NWMxIn0%3D\" href='https:\/\/www.nicolassanhes.fr\/wp-content\/uploads\/2026\/03\/AD-08.jpg'><img loading=\"lazy\" decoding=\"async\" width=\"768\" height=\"512\" src=\"https:\/\/www.nicolassanhes.fr\/wp-content\/uploads\/2026\/03\/AD-08-768x512.jpg\" class=\"attachment-medium_large size-medium_large\" alt=\"\" srcset=\"https:\/\/www.nicolassanhes.fr\/wp-content\/uploads\/2026\/03\/AD-08-768x512.jpg 768w, https:\/\/www.nicolassanhes.fr\/wp-content\/uploads\/2026\/03\/AD-08-300x200.jpg 300w, https:\/\/www.nicolassanhes.fr\/wp-content\/uploads\/2026\/03\/AD-08-1024x683.jpg 1024w, https:\/\/www.nicolassanhes.fr\/wp-content\/uploads\/2026\/03\/AD-08.jpg 1200w\" sizes=\"(max-width: 768px) 100vw, 768px\" \/><\/a>\n\t\t\t<\/div><\/figure>\n\t\t<\/div>\n\t\t<\/div>\n\t\t\t\t\t\t<\/div>\n\t\t\t\t<div class=\"elementor-element elementor-element-be36461 elementor-widget elementor-widget-spacer\" data-id=\"be36461\" data-element_type=\"widget\" data-e-type=\"widget\" data-widget_type=\"spacer.default\">\n\t\t\t\t\t\t\t<div class=\"elementor-spacer\">\n\t\t\t<div class=\"elementor-spacer-inner\"><\/div>\n\t\t<\/div>\n\t\t\t\t\t\t<\/div>\n\t\t\t\t<div class=\"elementor-element elementor-element-9f20f9f elementor-widget-divider--view-line elementor-widget elementor-widget-divider\" data-id=\"9f20f9f\" data-element_type=\"widget\" data-e-type=\"widget\" data-widget_type=\"divider.default\">\n\t\t\t\t\t\t\t<div class=\"elementor-divider\">\n\t\t\t<span class=\"elementor-divider-separator\">\n\t\t\t\t\t\t<\/span>\n\t\t<\/div>\n\t\t\t\t\t\t<\/div>\n\t\t\t\t<div class=\"elementor-element elementor-element-e95d34b elementor-widget elementor-widget-text-editor\" data-id=\"e95d34b\" data-element_type=\"widget\" data-e-type=\"widget\" data-widget_type=\"text-editor.default\">\n\t\t\t\t\t\t\t\t\t<p><a href=\"https:\/\/nicolassanhes.fr\/?page_id=289\">ATELIER SCULPTURE<\/a> \u00a0<strong> |<\/strong>\u00a0 <a href=\"https:\/\/nicolassanhes.fr\/?page_id=320\">NUMERISATION<\/a> \u00a0<strong>| \u00a0<\/strong><a href=\"https:\/\/nicolassanhes.fr\/?page_id=391\">TRANSPORT &amp; LOGISTIQUE<\/a> \u00a0<strong>| \u00a0<\/strong><a href=\"https:\/\/nicolassanhes.fr\/?page_id=343\">ATELIER PEINTURE<\/a> <strong>| <\/strong><a href=\"https:\/\/www.nicolassanhes.fr\/?page_id=534\">ATELIER DESSIN<\/a><strong> |\u00a0<\/strong><a href=\"https:\/\/nicolassanhes.fr\/?page_id=367\">ATELIER DE RECEPTION<\/a><\/p>\t\t\t\t\t\t\t\t<\/div>\n\t\t\t\t\t<\/div>\n\t\t\t\t<\/div>\n\t\t\t\t<\/div>\n\t\t\t\t<\/div>\n\t\t","protected":false},"excerpt":{"rendered":"<p>\u00c0 seulement 20 minutes de la porte d\u2019Auteuil, en direction de Rambouillet, je vous ouvre les portes de mes deux ateliers, nich\u00e9s au sud-ouest de Paris. Le premier, un espace de 350 m\u00b2, est enti\u00e8rement d\u00e9di\u00e9 \u00e0 la cr\u00e9ation d\u2019oeuvres sculpturales.<\/p>\n","protected":false},"author":2,"featured_media":540,"parent":0,"menu_order":0,"comment_status":"closed","ping_status":"closed","template":"","meta":{"footnotes":""},"class_list":["post-534","page","type-page","status-publish","has-post-thumbnail","hentry"],"_links":{"self":[{"href":"https:\/\/www.nicolassanhes.fr\/index.php?rest_route=\/wp\/v2\/pages\/534","targetHints":{"allow":["GET"]}}],"collection":[{"href":"https:\/\/www.nicolassanhes.fr\/index.php?rest_route=\/wp\/v2\/pages"}],"about":[{"href":"https:\/\/www.nicolassanhes.fr\/index.php?rest_route=\/wp\/v2\/types\/page"}],"author":[{"embeddable":true,"href":"https:\/\/www.nicolassanhes.fr\/index.php?rest_route=\/wp\/v2\/users\/2"}],"replies":[{"embeddable":true,"href":"https:\/\/www.nicolassanhes.fr\/index.php?rest_route=%2Fwp%2Fv2%2Fcomments&post=534"}],"version-history":[{"count":17,"href":"https:\/\/www.nicolassanhes.fr\/index.php?rest_route=\/wp\/v2\/pages\/534\/revisions"}],"predecessor-version":[{"id":615,"href":"https:\/\/www.nicolassanhes.fr\/index.php?rest_route=\/wp\/v2\/pages\/534\/revisions\/615"}],"wp:featuredmedia":[{"embeddable":true,"href":"https:\/\/www.nicolassanhes.fr\/index.php?rest_route=\/wp\/v2\/media\/540"}],"wp:attachment":[{"href":"https:\/\/www.nicolassanhes.fr\/index.php?rest_route=%2Fwp%2Fv2%2Fmedia&parent=534"}],"curies":[{"name":"wp","href":"https:\/\/api.w.org\/{rel}","templated":true}]}}